{"id":3091,"date":"2024-12-02T20:38:21","date_gmt":"2024-12-02T20:38:21","guid":{"rendered":"https:\/\/cabledelancer.com\/?page_id=3091"},"modified":"2024-12-05T23:23:53","modified_gmt":"2024-12-05T23:23:53","slug":"terminos-y-condiciones","status":"publish","type":"page","link":"https:\/\/cabledelancer.com\/en\/terminos-y-condiciones\/","title":{"rendered":"Terminos y Condiciones"},"content":{"rendered":"<div data-elementor-type=\"wp-page\" data-elementor-id=\"3091\" class=\"elementor elementor-3091\">\n\t\t\t\t<div class=\"elementor-element elementor-element-93c108f e-flex e-con-boxed wpr-particle-no wpr-jarallax-no wpr-parallax-no wpr-sticky-section-no wpr-column-slider-no wpr-equal-height-no e-con e-parent\" data-id=\"93c108f\" data-element_type=\"container\" data-e-type=\"container\">\n\t\t\t\t\t<div class=\"e-con-inner\">\n\t\t\t\t<div class=\"elementor-element elementor-element-092f23c elementor-widget elementor-widget-heading\" data-id=\"092f23c\" data-element_type=\"widget\" data-e-type=\"widget\" data-widget_type=\"heading.default\">\n\t\t\t\t<div class=\"elementor-widget-container\">\n\t\t\t\t\t<h2 class=\"elementor-heading-title elementor-size-default\">Terms and Conditions<\/h2>\t\t\t\t<\/div>\n\t\t\t\t<\/div>\n\t\t\t\t<div class=\"elementor-element elementor-element-f566762 elementor-widget elementor-widget-text-editor\" data-id=\"f566762\" data-element_type=\"widget\" data-e-type=\"widget\" data-widget_type=\"text-editor.default\">\n\t\t\t\t<div class=\"elementor-widget-container\">\n\t\t\t\t\t\t\t\t\t<p><strong>1. Introducci\u00f3n<\/strong><br \/><br \/>La \u201cOficina Virtual\u201d provista por CABLE ATLANTICO, S.R.L. (CABLE DE LANCER, S.R.L.) es una plataforma que pone a disposici\u00f3n de sus clientes opciones de interacci\u00f3n para la realizaci\u00f3n de transacciones y auto asistencia en sus servicios de telecomunicaciones de una manera f\u00e1cil, r\u00e1pida y segura, sin costo de activaci\u00f3n y sin consumir tu Internet mientras se est\u00e9 navegando conectado a la red de CABLE ATLANTICO, SRL.<\/p><p>\u00a0<\/p><p>La prestaci\u00f3n y el uso de los servicios de la \u201cOficina Virtual\u201d est\u00e1n regulados mediante los presentes T\u00e9rminos y Condiciones y por las leyes dominicanas que rigen la materia. En consecuencia, cada vez que el Cliente (o Abonado) acceda o utilice este servicio de auto asistencia adquiere la calidad de usuario, quien acepta sujetarse y cumplir los presentes T\u00e9rminos y Condiciones y adherirse plenamente a la totalidad de su contenido y alcance.<\/p><p>\u00a0<\/p><p>Es importante destacar que s\u00f3lo podr\u00e1n hacer uso del Servicio de la \u201cOficina Virtual\u201d los Clientes de CABLE ATLANTICO, S.R.L. (CABLE DE LANCER, S.R.L.) que puedan acreditar su condici\u00f3n y su uso es exclusivo para la Rep\u00fablica Dominicana. La cancelaci\u00f3n del contrato de servicio con CABLE ATLANTICO, S.R.L. (CABLE DE LANCER, S.R.L.) implicar\u00e1 la baja del Servicio.<\/p><p>\u00a0<\/p><p>Los T\u00e9rminos y Condiciones podr\u00e1n ser cambiados por CABLE ATLANTICO, S.R.L. (CABLE DELANCER, S.R.L.) en cualquier momento y a exclusivo criterio de esta, raz\u00f3n por la cual los Clientes (Usuarios) deber\u00e1n revisar estos t\u00e9rminos y condiciones cada vez que visite la p\u00e1gina.<br \/><br \/><\/p><p><strong>2. Descripci\u00f3n de los servicios prestados por la p\u00e1gina.<\/strong><\/p><p><br \/>La herramienta \u201cOficina Virtual\u201d provista por CABLE ATLANTICO, S.R.L. (CABLE DE LANCER, S.R.L.) le permitir\u00e1 realizar consultas y transacciones relacionadas con su servicio conforme a la habilitaci\u00f3n de transacciones implementadas por CABLE ATLANTICO, S.R.L. (CABLE DE LANCER, S.R.L.). Los Usuarios podr\u00e1n realizar, entre otras, las acciones siguientes:<\/p><p>\u00a0<\/p><ul><li>Revisar los servicios contratados y visualizar los estados de cuenta<\/li><li>Pagar en l\u00ednea los servicios contratados y\/o facturas con tarjeta de cr\u00e9dito.<\/li><li>Revisar las fechas de pago o corte de los servicios contratos.<\/li><li>Cualquier otro servicio que en un futuro CABLE ATLANTICO, S.R.L. (CABLE DE LANCER, S.R.L.) integre en su Oficina Virtual.<\/li><\/ul><p>\u00a0<\/p><p>CABLE ATLANTICO, S.R.L. (CABLE DE LANCER, S.R.L.) se reserva el derecho de cancelar unilateralmente cualquiera de los contenidos, servicios o facilidades incorporadas en la Oficina Virtual.<\/p><p>\u00a0<\/p><p>El Usuario reconoce y acepta que en la \u201cOficina Virtual\u201d:<\/p><ol><li>Que la factura del \u00faltimo mes estar\u00e1 disponible en cinco (5) d\u00edas despu\u00e9s de la fecha de corte;<\/li><li>Que podr\u00e1 consultar las \u00faltimas tres (3) facturas de su contrato cuando lo requiera;<\/li><li>Que tiene derecho a solicitar y obtener aclaraci\u00f3n de la informaci\u00f3n mostrada en la Oficina Virtual; y,<\/li><li>Que podr\u00e1 ejercer el derecho de rectificaci\u00f3n, cuando los datos que se posean fueran incorrectos.<\/li><\/ol><p>\u00a0<\/p><p><strong>2.1. M\u00e9todo de Pago a trav\u00e9s de la Oficina Virtual.<\/strong><\/p><p>\u00a0<\/p><p>En CABLE ATLANTICO, S.R.L. (CABLE DE LANCER, S.R.L.) estamos especialmente interesados en ofrecer a nuestros clientes el m\u00e1s alto nivel de seguridad y proteger la confidencialidad de sus datos. Por ello, los pagos son realizadas en un entorno de servidor seguro bajo el protocolo SSL (Secure Socket Layer) y todas las comunicaciones se trasmiten encriptadas, asegurando el mayor nivel de protecci\u00f3n a las comunicaciones. Para los pagos online, el m\u00e9todo de pago autorizado son tarjetas de cr\u00e9dito o d\u00e9bito de las diferentes entidades financieras.<\/p><p>\u00a0<\/p><p>Requisitos:<\/p><ul><li>Se aceptan tarjetas Visa y MasterCard.<\/li><li>El usuario debe ser el titular de la Tarjeta de Cr\u00e9dito\/D\u00e9bito.<\/li><li>Los datos personales del tarjetahabiente deben ser los mismos que los utilizados para realizar el registro de usuario de la Oficina Virtual.<\/li><li>La tarjeta de cr\u00e9dito debe estar vigente al momento del pago de la factura pendiente.<\/li><li>No se acepta la inscripci\u00f3n de tarjetas con 3 meses previos a su fecha de vencimiento.<\/li><\/ul><p>\u00a0<\/p><p>Si por cualquier raz\u00f3n el pago en l\u00ednea de la orden fuese rechazado, se le notificar\u00e1 al. usuario v\u00eda correo electr\u00f3nico. En este caso el usuario puede acceder a la Oficina Virtual y reintentar el pago con otra tarjeta de cr\u00e9dito\/d\u00e9bito. Una vez que la transacci\u00f3n haya sido procesada recibir\u00e1 un correo electr\u00f3nico inform\u00e1ndole sobre el pago de su factura. Usted puede consultar el estatus de su cuenta en la Oficina Virtual.<\/p><p>\u00a0<\/p><p><strong>2.2. Devoluciones y cancelaciones<\/strong><\/p><p>\u00a0<\/p><p>No aplican las devoluciones ni cancelaciones de pago de facturas vencidas. En caso de otras reclamaciones, el Usuario puede realizar su reclamaci\u00f3n a trav\u00e9s de nuestras oficinas de manera presencial en cualquiera de nuestras sucursales.<\/p><p>\u00a0<\/p><p><strong>3. Responsabilidades del Usuario<\/strong><\/p><p>\u00a0<\/p><p>El Usuario se obliga en forma expresa e irrevocable a mantener indemne de manera absoluta a CABLE ATLANTICO, S.R.L. (CABLE DE LANCER, S.R.L.), respecto a cualquier reclamo y\/o demanda y\/o sanci\u00f3n administrativa, judicial o extrajudicial, de cualquier tercero, derivada del uso de la Oficina Virtual, o en caso de verificarse la existencia de multas y\/o deudas de cualquier tipo generadas por el Usuario o la actividad de esta realizada en o mediante de la Oficina Virtual. Usted acepta que el uso de la Oficina Virtual se realiza bajo su propia, exclusiva y \u00fanica responsabilidad. CABLE ATLANTICO, S.R.L. (CABLE DE LANCER, S.R.L.), no se responsabiliza por ning\u00fan da\u00f1o o perjuicio, directo o indirecto, incluyendo sin ning\u00fan tipo de limitaci\u00f3n da\u00f1os producidos por las p\u00e9rdidas o deterioros de la informaci\u00f3n, ni por las demoras, interrupciones y defectos que pudieran existir en las transmisiones, mediante la utilizaci\u00f3n del servicio, as\u00ed como tampoco de los virus o fallas del sistema.<\/p><p>\u00a0<\/p><p>El Usuario acepta que es el \u00fanico responsable del adecuado uso de la Oficina Virtual, por lo que deber\u00e1 utilizar y mantener bajo su responsabilidad y control su contrase\u00f1a de forma segura. El Usuario se compromete a cumplir con las reglas y pol\u00edticas establecidas peri\u00f3dicamente por CABLE ATLANTICO, S.R.L. (CABLE DE LANCER, S.R.L.) y deber\u00e1 verificar la actualizaci\u00f3n de los presentes t\u00e9rminos y condiciones, a realizarse en cualquier momento y sin previo aviso. CABLE ATLANTICO, S.R.L. (CABLE DE LANCER, S.R.L.) ser\u00e1 responsable del buen funcionamiento del Servicio dentro de los l\u00edmites de la buena fe y siempre que el Usuario lleve a cabo un correcto uso de este. CABLE ATLANTICO, S.R.L. (CABLE DE LANCER, S.R.L.) se reserva el derecho de interrumpir, suspender o modificar en forma unilateral, en cualquier momento, ya sea en forma permanente o transitoria y sin previo aviso, la presentaci\u00f3n y configuraci\u00f3n de la Oficina Virtual y los presentes T\u00e9rminos y Condiciones.<\/p><p>\u00a0<\/p><p>CABLE ATLANTICO, S.R.L. (CABLE DE LANCER, S.R.L.) no se har\u00e1 responsable de ninguna p\u00e9rdida o mal uso de los datos del Usuario, debido al uso no autorizado de su cuenta. Es de entera responsabilidad del Usuario mantener seguro el ambiente de su tel\u00e9fono m\u00f3vil o otros dispositivos electr\u00f3nicos, mediante el uso de herramientas disponibles, tales como anti-virus, entre otras, actualizadas, de modo a contribuir en la prevenci\u00f3n de riesgos electr\u00f3nicos del lado del usuario, desde que estas herramientas de protecci\u00f3n no interfieran en la utilizaci\u00f3n del Servicio. Asimismo, es de su responsabilidad proporcionar, por sus propios medios, equipos (hardware) y programas (software) capaces de reproducir los archivos digitales disponibles en la Oficina Virtual. El Usuario reconoce y acepta que tales requisitos pueden ser eventualmente alterados, y toda actualizaci\u00f3n de equipamientos (hardware) y programas (software) es de su exclusiva responsabilidad. CABLE ATLANTICO, S.R.L. (CABLE DE LANCER, S.R.L.) no ser\u00e1 responsable por ning\u00fan da\u00f1o o perjuicio, directo o indirecto, de cualquier naturaleza, incluyendo, sin ning\u00fan tipo de limitaci\u00f3n, los da\u00f1os producidos por las p\u00e9rdidas o deterioros de la informaci\u00f3n del Usuario, ni por las demoras, interrupciones y defectos que pudieran existir en las transmisiones a trav\u00e9s de la Oficina Virtual, los virus o fallas del sistema o l\u00ednea, por la falta de disponibilidad y\/o continuidad del Servicio, la utilizaci\u00f3n que los Usuarios hacen del mismo y en especial, pero de ning\u00fan modo exclusivo, a las fallas en el acceso, difusi\u00f3n, disposici\u00f3n, eliminaci\u00f3n, alteraci\u00f3n, modificaci\u00f3n o manipulaci\u00f3n de los datos, p\u00e1ginas y\/o contenidos que los Usuarios transmitan, difundan, almacenen, pongan a disposici\u00f3n, reciban, obtengan o accedan a trav\u00e9s de la Oficina Virtual.<\/p><p>\u00a0<\/p><p><strong>4. Pol\u00edtica de Privacidad y Protecci\u00f3n de Datos<\/strong><\/p><p>\u00a0<\/p><p>En cumplimiento de las leyes nacionales sobre protecci\u00f3n de datos personales y nuestra Pol\u00edtica de Privacidad y Protecci\u00f3n de Datos Personales, CABLE ATLANTICO, S.R.L. (CABLE DE LANCER, S.R.L.) se compromete a aplicar todas las medidas f\u00edsicas, t\u00e9cnicas y organizativas apropiadas, a fin de garantizar y poder demostrar que el Tratamiento de Datos Personales que realizamos se lleva a cabo de conformidad con la normatividad aplicable. Es nuestra obligaci\u00f3n el poder mantener protegida la privacidad y confidencialidad de la informaci\u00f3n personal del usuario de CABLE ATLANTICO, S.R.L. (CABLE DE LANCER, S.R.L.) y utilizarla exclusivamente para los fines autorizados por Usted y permitidos por la normativa aplicable. Al ingresar a la Oficina Virtual, el Usuario ratifica su consentimiento para que CABLE ATLANTICO, S.R.L. (CABLE DE LANCER, S.R.L.) acceda y administre, por medio de su Oficina Virtual, la informaci\u00f3n personal suya que reposa en los archivos de CABLE ATLANTICO, S.R.L. (CABLE DE LANCER, S.R.L.)<\/p><p>\u00a0<\/p><p>CABLE ATLANTICO, S.R.L. (CABLE DE LANCER, S.R.L.) implementar\u00e1 las medidas necesarias, de acuerdo con las disposiciones legales aplicables, a los fines de proteger la privacidad, seguridad e integridad de los datos personales de sus clientes que pudieran ser recopilados (tratados y almacenados) de forma primaria para el funcionamiento de sus servicios. El Usuario reconoce que CABLE ATLANTICO, S.R.L. (CABLE DE LANCER, S.R.L.) podr\u00e1 compartir dicha informaci\u00f3n a requerimiento de autoridad competente, previa existencia de orden judicial para fines legalmente justificados, conforme dispongan las leyes dominicanas.<\/p><p>\u00a0<\/p><p>El Usuario titular de sus datos siempre tendr\u00e1 el derecho de acceso a su informaci\u00f3n, actualizaci\u00f3n, rectificaci\u00f3n y supresi\u00f3n de sus datos personales, al igual que a la acci\u00f3n de h\u00e1beas data. Salvo los casos contemplados como excepciones en las leyes y reglamentos nacionales que rigen la materia, procuraremos su consentimiento para el tratamiento y cesi\u00f3n de sus datos personales. Esta pol\u00edtica se suma a, y no exime, elimina o reemplaza, las obligaciones de cualquiera de las partes estipuladas en la legislaci\u00f3n sobre protecci\u00f3n de datos.<\/p>\t\t\t\t\t\t\t\t<\/div>\n\t\t\t\t<\/div>\n\t\t\t\t\t<\/div>\n\t\t\t\t<\/div>\n\t\t<div class=\"elementor-element elementor-element-0551a83 e-flex e-con-boxed wpr-particle-no wpr-jarallax-no wpr-parallax-no wpr-sticky-section-no wpr-column-slider-no wpr-equal-height-no e-con e-parent\" data-id=\"0551a83\" data-element_type=\"container\" data-e-type=\"container\">\n\t\t\t\t\t<div class=\"e-con-inner\">\n\t\t\t\t<div class=\"elementor-element elementor-element-b974627 elementor-widget elementor-widget-heading\" data-id=\"b974627\" data-element_type=\"widget\" data-e-type=\"widget\" data-widget_type=\"heading.default\">\n\t\t\t\t<div class=\"elementor-widget-container\">\n\t\t\t\t\t<h4 class=\"elementor-heading-title elementor-size-default\">We also accept<\/h4>\t\t\t\t<\/div>\n\t\t\t\t<\/div>\n\t\t\t\t<div class=\"elementor-element elementor-element-6532b82 elementor-widget elementor-widget-image\" data-id=\"6532b82\" data-element_type=\"widget\" data-e-type=\"widget\" data-widget_type=\"image.default\">\n\t\t\t\t<div class=\"elementor-widget-container\">\n\t\t\t\t\t\t\t\t\t\t\t\t\t\t\t<img decoding=\"async\" src=\"https:\/\/cabledelancer.com\/wp-content\/uploads\/elementor\/thumbs\/Group-6821-qz3mcat5r64mbai54nov8zlleei6ue2jcpl6xoc0wq.png\" title=\"Group 682(1)\" alt=\"Group 682(1)\" loading=\"lazy\" \/>\t\t\t\t\t\t\t\t\t\t\t\t\t\t\t<\/div>\n\t\t\t\t<\/div>\n\t\t\t\t\t<\/div>\n\t\t\t\t<\/div>\n\t\t\t\t<\/div>","protected":false},"excerpt":{"rendered":"<p>T\u00e9rminos y Condiciones 1. Introducci\u00f3n La \u201cOficina Virtual\u201d provista por CABLE ATLANTICO, S.R.L. (CABLE DE LANCER, S.R.L.) es una plataforma que pone a disposici\u00f3n de sus clientes opciones de interacci\u00f3n para la realizaci\u00f3n de transacciones y auto asistencia en sus servicios de telecomunicaciones de una manera f\u00e1cil, r\u00e1pida y segura, sin costo de activaci\u00f3n y sin consumir tu Internet mientras se est\u00e9 navegando conectado a la red de CABLE ATLANTICO, SRL. \u00a0 La prestaci\u00f3n y el uso de los servicios de la \u201cOficina Virtual\u201d est\u00e1n regulados mediante los presentes T\u00e9rminos y Condiciones y por las leyes dominicanas que rigen la materia. En consecuencia, cada vez que el Cliente (o Abonado) acceda o utilice este servicio de auto asistencia adquiere la calidad de usuario, quien acepta sujetarse y cumplir los presentes T\u00e9rminos y Condiciones y adherirse plenamente a la totalidad de su contenido y alcance. \u00a0 Es importante destacar que s\u00f3lo podr\u00e1n hacer uso del Servicio de la \u201cOficina Virtual\u201d los Clientes de CABLE ATLANTICO, S.R.L. (CABLE DE LANCER, S.R.L.) que puedan acreditar su condici\u00f3n y su uso es exclusivo para la Rep\u00fablica Dominicana. La cancelaci\u00f3n del contrato de servicio con CABLE ATLANTICO, S.R.L. (CABLE DE LANCER, S.R.L.) implicar\u00e1 la baja del Servicio. \u00a0 Los T\u00e9rminos y Condiciones podr\u00e1n ser cambiados por CABLE ATLANTICO, S.R.L. (CABLE DELANCER, S.R.L.) en cualquier momento y a exclusivo criterio de esta, raz\u00f3n por la cual los Clientes (Usuarios) deber\u00e1n revisar estos t\u00e9rminos y condiciones cada vez que visite la p\u00e1gina. 2. Descripci\u00f3n de los servicios prestados por la p\u00e1gina. La herramienta \u201cOficina Virtual\u201d provista por CABLE ATLANTICO, S.R.L. (CABLE DE LANCER, S.R.L.) le permitir\u00e1 realizar consultas y transacciones relacionadas con su servicio conforme a la habilitaci\u00f3n de transacciones implementadas por CABLE ATLANTICO, S.R.L. (CABLE DE LANCER, S.R.L.). Los Usuarios podr\u00e1n realizar, entre otras, las acciones siguientes: \u00a0 Revisar los servicios contratados y visualizar los estados de cuenta Pagar en l\u00ednea los servicios contratados y\/o facturas con tarjeta de cr\u00e9dito. Revisar las fechas de pago o corte de los servicios contratos. Cualquier otro servicio que en un futuro CABLE ATLANTICO, S.R.L. (CABLE DE LANCER, S.R.L.) integre en su Oficina Virtual. \u00a0 CABLE ATLANTICO, S.R.L. (CABLE DE LANCER, S.R.L.) se reserva el derecho de cancelar unilateralmente cualquiera de los contenidos, servicios o facilidades incorporadas en la Oficina Virtual. \u00a0 El Usuario reconoce y acepta que en la \u201cOficina Virtual\u201d: Que la factura del \u00faltimo mes estar\u00e1 disponible en cinco (5) d\u00edas despu\u00e9s de la fecha de corte; Que podr\u00e1 consultar las \u00faltimas tres (3) facturas de su contrato cuando lo requiera; Que tiene derecho a solicitar y obtener aclaraci\u00f3n de la informaci\u00f3n mostrada en la Oficina Virtual; y, Que podr\u00e1 ejercer el derecho de rectificaci\u00f3n, cuando los datos que se posean fueran incorrectos. \u00a0 2.1. M\u00e9todo de Pago a trav\u00e9s de la Oficina Virtual. \u00a0 En CABLE ATLANTICO, S.R.L. (CABLE DE LANCER, S.R.L.) estamos especialmente interesados en ofrecer a nuestros clientes el m\u00e1s alto nivel de seguridad y proteger la confidencialidad de sus datos. Por ello, los pagos son realizadas en un entorno de servidor seguro bajo el protocolo SSL (Secure Socket Layer) y todas las comunicaciones se trasmiten encriptadas, asegurando el mayor nivel de protecci\u00f3n a las comunicaciones. Para los pagos online, el m\u00e9todo de pago autorizado son tarjetas de cr\u00e9dito o d\u00e9bito de las diferentes entidades financieras. \u00a0 Requisitos: Se aceptan tarjetas Visa y MasterCard. El usuario debe ser el titular de la Tarjeta de Cr\u00e9dito\/D\u00e9bito. Los datos personales del tarjetahabiente deben ser los mismos que los utilizados para realizar el registro de usuario de la Oficina Virtual. La tarjeta de cr\u00e9dito debe estar vigente al momento del pago de la factura pendiente. No se acepta la inscripci\u00f3n de tarjetas con 3 meses previos a su fecha de vencimiento. \u00a0 Si por cualquier raz\u00f3n el pago en l\u00ednea de la orden fuese rechazado, se le notificar\u00e1 al. usuario v\u00eda correo electr\u00f3nico. En este caso el usuario puede acceder a la Oficina Virtual y reintentar el pago con otra tarjeta de cr\u00e9dito\/d\u00e9bito. Una vez que la transacci\u00f3n haya sido procesada recibir\u00e1 un correo electr\u00f3nico inform\u00e1ndole sobre el pago de su factura. Usted puede consultar el estatus de su cuenta en la Oficina Virtual. \u00a0 2.2. Devoluciones y cancelaciones \u00a0 No aplican las devoluciones ni cancelaciones de pago de facturas vencidas. En caso de otras reclamaciones, el Usuario puede realizar su reclamaci\u00f3n a trav\u00e9s de nuestras oficinas de manera presencial en cualquiera de nuestras sucursales. \u00a0 3. Responsabilidades del Usuario \u00a0 El Usuario se obliga en forma expresa e irrevocable a mantener indemne de manera absoluta a CABLE ATLANTICO, S.R.L. (CABLE DE LANCER, S.R.L.), respecto a cualquier reclamo y\/o demanda y\/o sanci\u00f3n administrativa, judicial o extrajudicial, de cualquier tercero, derivada del uso de la Oficina Virtual, o en caso de verificarse la existencia de multas y\/o deudas de cualquier tipo generadas por el Usuario o la actividad de esta realizada en o mediante de la Oficina Virtual. Usted acepta que el uso de la Oficina Virtual se realiza bajo su propia, exclusiva y \u00fanica responsabilidad. CABLE ATLANTICO, S.R.L. (CABLE DE LANCER, S.R.L.), no se responsabiliza por ning\u00fan da\u00f1o o perjuicio, directo o indirecto, incluyendo sin ning\u00fan tipo de limitaci\u00f3n da\u00f1os producidos por las p\u00e9rdidas o deterioros de la informaci\u00f3n, ni por las demoras, interrupciones y defectos que pudieran existir en las transmisiones, mediante la utilizaci\u00f3n del servicio, as\u00ed como tampoco de los virus o fallas del sistema. \u00a0 El Usuario acepta que es el \u00fanico responsable del adecuado uso de la Oficina Virtual, por lo que deber\u00e1 utilizar y mantener bajo su responsabilidad y control su contrase\u00f1a de forma segura. El Usuario se compromete a cumplir con las reglas y pol\u00edticas establecidas peri\u00f3dicamente por CABLE ATLANTICO, S.R.L. (CABLE DE LANCER, S.R.L.) y deber\u00e1 verificar la actualizaci\u00f3n de los presentes t\u00e9rminos y condiciones, a realizarse en cualquier momento y sin previo aviso. CABLE ATLANTICO, S.R.L. (CABLE DE LANCER, S.R.L.) ser\u00e1 responsable del buen funcionamiento del Servicio dentro de los l\u00edmites de la buena fe y siempre que<\/p>","protected":false},"author":2,"featured_media":0,"parent":0,"menu_order":0,"comment_status":"closed","ping_status":"closed","template":"","meta":{"footnotes":""},"class_list":["post-3091","page","type-page","status-publish","hentry"],"blocksy_meta":[],"_links":{"self":[{"href":"https:\/\/cabledelancer.com\/en\/wp-json\/wp\/v2\/pages\/3091","targetHints":{"allow":["GET"]}}],"collection":[{"href":"https:\/\/cabledelancer.com\/en\/wp-json\/wp\/v2\/pages"}],"about":[{"href":"https:\/\/cabledelancer.com\/en\/wp-json\/wp\/v2\/types\/page"}],"author":[{"embeddable":true,"href":"https:\/\/cabledelancer.com\/en\/wp-json\/wp\/v2\/users\/2"}],"replies":[{"embeddable":true,"href":"https:\/\/cabledelancer.com\/en\/wp-json\/wp\/v2\/comments?post=3091"}],"version-history":[{"count":0,"href":"https:\/\/cabledelancer.com\/en\/wp-json\/wp\/v2\/pages\/3091\/revisions"}],"wp:attachment":[{"href":"https:\/\/cabledelancer.com\/en\/wp-json\/wp\/v2\/media?parent=3091"}],"curies":[{"name":"wp","href":"https:\/\/api.w.org\/{rel}","templated":true}]}}