{"id":3240,"date":"2025-02-20T21:52:30","date_gmt":"2025-02-20T21:52:30","guid":{"rendered":"https:\/\/cabledelancer.com\/?page_id=3240"},"modified":"2025-02-20T22:49:09","modified_gmt":"2025-02-20T22:49:09","slug":"pagos-en-linea","status":"publish","type":"page","link":"https:\/\/cabledelancer.com\/en\/pagos-en-linea\/","title":{"rendered":"Online Payment Instructions"},"content":{"rendered":"<div data-elementor-type=\"wp-page\" data-elementor-id=\"3240\" class=\"elementor elementor-3240\">\n\t\t\t\t<div class=\"elementor-element elementor-element-ca313f7 e-flex e-con-boxed wpr-particle-no wpr-jarallax-no wpr-parallax-no wpr-sticky-section-no wpr-equal-height-no e-con e-parent\" data-id=\"ca313f7\" data-element_type=\"container\" data-e-type=\"container\">\n\t\t\t\t\t<div class=\"e-con-inner\">\n\t\t\t\t<div class=\"elementor-element elementor-element-f738d74 elementor-widget elementor-widget-heading\" data-id=\"f738d74\" data-element_type=\"widget\" data-e-type=\"widget\" data-widget_type=\"heading.default\">\n\t\t\t\t<div class=\"elementor-widget-container\">\n\t\t\t\t\t<h2 class=\"elementor-heading-title elementor-size-default\">Online Payments through Cable Atlantico's Self-management Portal<\/h2>\t\t\t\t<\/div>\n\t\t\t\t<\/div>\n\t\t\t\t<div class=\"elementor-element elementor-element-a88aaea elementor-widget elementor-widget-heading\" data-id=\"a88aaea\" data-element_type=\"widget\" data-e-type=\"widget\" data-widget_type=\"heading.default\">\n\t\t\t\t<div class=\"elementor-widget-container\">\n\t\t\t\t\t<h4 class=\"elementor-heading-title elementor-size-default\">Accessing the Portal<\/h4>\t\t\t\t<\/div>\n\t\t\t\t<\/div>\n\t\t\t\t<div class=\"elementor-element elementor-element-2e752bc elementor-widget elementor-widget-text-editor\" data-id=\"2e752bc\" data-element_type=\"widget\" data-e-type=\"widget\" data-widget_type=\"text-editor.default\">\n\t\t\t\t<div class=\"elementor-widget-container\">\n\t\t\t\t\t\t\t\t\t<p><strong>1. Request Access:<\/strong><\/p><ul><li>Contact our customer service center at <a href=\"tel:+1 (809) 571-1040\"><strong>+1-809-571-1040<\/strong><\/a> or send us a WhatsApp message at <a href=\"https:\/\/api.whatsapp.com\/send?phone=++18097229814&amp;text=Hola,%20deseo%20solicitar%20el%20acceso%20para%20poder%20realizar%20pagos%20en%20l%C3%ADnea.\"><strong>+1-809-722-9814<\/strong> <\/a>to request access.<\/li><li>A valid email address is required to activate your account on the portal.<\/li><\/ul>\t\t\t\t\t\t\t\t<\/div>\n\t\t\t\t<\/div>\n\t\t\t\t<div class=\"elementor-element elementor-element-7e6c8ed elementor-widget elementor-widget-text-editor\" data-id=\"7e6c8ed\" data-element_type=\"widget\" data-e-type=\"widget\" data-widget_type=\"text-editor.default\">\n\t\t\t\t<div class=\"elementor-widget-container\">\n\t\t\t\t\t\t\t\t\t<p><strong>2. Login Instructions:<\/strong><\/p><ul><li>Log in to the portal at <a href=\"https:\/\/personal.cableatlantico.com\"><strong>https:\/\/personal.cableatlantico.com<\/strong><\/a><\/li><li class=\"translation-block\">Log in with the registered email address and password provided by our customer service team, or the one you set up.<\/li><\/ul>\t\t\t\t\t\t\t\t<\/div>\n\t\t\t\t<\/div>\n\t\t\t\t<div class=\"elementor-element elementor-element-8fed742 elementor-widget elementor-widget-image\" data-id=\"8fed742\" data-element_type=\"widget\" data-e-type=\"widget\" data-widget_type=\"image.default\">\n\t\t\t\t<div class=\"elementor-widget-container\">\n\t\t\t\t\t\t\t\t\t\t\t\t\t\t\t<img fetchpriority=\"high\" decoding=\"async\" width=\"2879\" height=\"1624\" src=\"https:\/\/cabledelancer.com\/wp-content\/uploads\/2025\/02\/portal-pagos-delancer.png\" class=\"attachment-full size-full wp-image-3242\" alt=\"\" srcset=\"https:\/\/cabledelancer.com\/wp-content\/uploads\/2025\/02\/portal-pagos-delancer.png 2879w, https:\/\/cabledelancer.com\/wp-content\/uploads\/2025\/02\/portal-pagos-delancer-300x169.png 300w, https:\/\/cabledelancer.com\/wp-content\/uploads\/2025\/02\/portal-pagos-delancer-1024x578.png 1024w, https:\/\/cabledelancer.com\/wp-content\/uploads\/2025\/02\/portal-pagos-delancer-768x433.png 768w, https:\/\/cabledelancer.com\/wp-content\/uploads\/2025\/02\/portal-pagos-delancer-1536x866.png 1536w, https:\/\/cabledelancer.com\/wp-content\/uploads\/2025\/02\/portal-pagos-delancer-2048x1155.png 2048w, https:\/\/cabledelancer.com\/wp-content\/uploads\/2025\/02\/portal-pagos-delancer-18x10.png 18w\" sizes=\"(max-width: 2879px) 100vw, 2879px\" \/>\t\t\t\t\t\t\t\t\t\t\t\t\t\t\t<\/div>\n\t\t\t\t<\/div>\n\t\t\t\t<div class=\"elementor-element elementor-element-ff91213 elementor-widget elementor-widget-heading\" data-id=\"ff91213\" data-element_type=\"widget\" data-e-type=\"widget\" data-widget_type=\"heading.default\">\n\t\t\t\t<div class=\"elementor-widget-container\">\n\t\t\t\t\t<h4 class=\"elementor-heading-title elementor-size-default\">Portal Navigation<\/h4>\t\t\t\t<\/div>\n\t\t\t\t<\/div>\n\t\t\t\t<div class=\"elementor-element elementor-element-ac2b29a elementor-widget elementor-widget-text-editor\" data-id=\"ac2b29a\" data-element_type=\"widget\" data-e-type=\"widget\" data-widget_type=\"text-editor.default\">\n\t\t\t\t<div class=\"elementor-widget-container\">\n\t\t\t\t\t\t\t\t\t<ul><li>By logging in, you will be able to view your contracts and the corresponding balances.<\/li><\/ul>\t\t\t\t\t\t\t\t<\/div>\n\t\t\t\t<\/div>\n\t\t\t\t<div class=\"elementor-element elementor-element-d772a0c elementor-widget elementor-widget-image\" data-id=\"d772a0c\" data-element_type=\"widget\" data-e-type=\"widget\" data-widget_type=\"image.default\">\n\t\t\t\t<div class=\"elementor-widget-container\">\n\t\t\t\t\t\t\t\t\t\t\t\t\t\t\t<img decoding=\"async\" width=\"1946\" height=\"589\" src=\"https:\/\/cabledelancer.com\/wp-content\/uploads\/2025\/02\/home-pagos-delancer.png\" class=\"attachment-full size-full wp-image-3244\" alt=\"\" srcset=\"https:\/\/cabledelancer.com\/wp-content\/uploads\/2025\/02\/home-pagos-delancer.png 1946w, https:\/\/cabledelancer.com\/wp-content\/uploads\/2025\/02\/home-pagos-delancer-300x91.png 300w, https:\/\/cabledelancer.com\/wp-content\/uploads\/2025\/02\/home-pagos-delancer-1024x310.png 1024w, https:\/\/cabledelancer.com\/wp-content\/uploads\/2025\/02\/home-pagos-delancer-768x232.png 768w, https:\/\/cabledelancer.com\/wp-content\/uploads\/2025\/02\/home-pagos-delancer-1536x465.png 1536w, https:\/\/cabledelancer.com\/wp-content\/uploads\/2025\/02\/home-pagos-delancer-18x5.png 18w\" sizes=\"(max-width: 1946px) 100vw, 1946px\" \/>\t\t\t\t\t\t\t\t\t\t\t\t\t\t\t<\/div>\n\t\t\t\t<\/div>\n\t\t\t\t<div class=\"elementor-element elementor-element-b16ea0b elementor-widget elementor-widget-heading\" data-id=\"b16ea0b\" data-element_type=\"widget\" data-e-type=\"widget\" data-widget_type=\"heading.default\">\n\t\t\t\t<div class=\"elementor-widget-container\">\n\t\t\t\t\t<h4 class=\"elementor-heading-title elementor-size-default\">Making a Payment<\/h4>\t\t\t\t<\/div>\n\t\t\t\t<\/div>\n\t\t\t\t<div class=\"elementor-element elementor-element-e2857e7 elementor-widget elementor-widget-text-editor\" data-id=\"e2857e7\" data-element_type=\"widget\" data-e-type=\"widget\" data-widget_type=\"text-editor.default\">\n\t\t\t\t<div class=\"elementor-widget-container\">\n\t\t\t\t\t\t\t\t\t<p><strong>1. Select the Payment Option:<\/strong><\/p><ul><li>Click on the red button<strong> \u201cPagar\u201d<\/strong> next to the balance you wish to liquidate.<\/li><\/ul>\t\t\t\t\t\t\t\t<\/div>\n\t\t\t\t<\/div>\n\t\t\t\t<div class=\"elementor-element elementor-element-303f860 elementor-widget elementor-widget-image\" data-id=\"303f860\" data-element_type=\"widget\" data-e-type=\"widget\" data-widget_type=\"image.default\">\n\t\t\t\t<div class=\"elementor-widget-container\">\n\t\t\t\t\t\t\t\t\t\t\t\t\t\t\t<img decoding=\"async\" width=\"847\" height=\"799\" src=\"https:\/\/cabledelancer.com\/wp-content\/uploads\/2025\/02\/pagos-realiza-copy.png\" class=\"attachment-full size-full wp-image-3245\" alt=\"\" srcset=\"https:\/\/cabledelancer.com\/wp-content\/uploads\/2025\/02\/pagos-realiza-copy.png 847w, https:\/\/cabledelancer.com\/wp-content\/uploads\/2025\/02\/pagos-realiza-copy-300x283.png 300w, https:\/\/cabledelancer.com\/wp-content\/uploads\/2025\/02\/pagos-realiza-copy-768x724.png 768w, https:\/\/cabledelancer.com\/wp-content\/uploads\/2025\/02\/pagos-realiza-copy-13x12.png 13w\" sizes=\"(max-width: 847px) 100vw, 847px\" \/>\t\t\t\t\t\t\t\t\t\t\t\t\t\t\t<\/div>\n\t\t\t\t<\/div>\n\t\t\t\t<div class=\"elementor-element elementor-element-57c67a8 elementor-widget elementor-widget-text-editor\" data-id=\"57c67a8\" data-element_type=\"widget\" data-e-type=\"widget\" data-widget_type=\"text-editor.default\">\n\t\t\t\t<div class=\"elementor-widget-container\">\n\t\t\t\t\t\t\t\t\t<p><strong>2. Choose a Payment Method:<\/strong><\/p><ul><li><strong>PayPal:<\/strong><ul><li>Click on <strong>\u201cPagar con PayPal\u201d.<\/strong><\/li><li>Follow the instructions to log in to your PayPal account and select a funding source for payment.<\/li><\/ul><\/li><li>Credit\/Debit Card:<ul><li>Click on <strong>\u201cPagar por AZUL\u201d.<\/strong><\/li><li>You will be redirected to the payment processor page <strong>AZUL.<\/strong><\/li><li>Enter your card details and confirm payment.<\/li><\/ul><\/li><\/ul>\t\t\t\t\t\t\t\t<\/div>\n\t\t\t\t<\/div>\n\t\t\t\t<div class=\"elementor-element elementor-element-9140639 elementor-widget elementor-widget-image\" data-id=\"9140639\" data-element_type=\"widget\" data-e-type=\"widget\" data-widget_type=\"image.default\">\n\t\t\t\t<div class=\"elementor-widget-container\">\n\t\t\t\t\t\t\t\t\t\t\t\t\t\t\t<img loading=\"lazy\" decoding=\"async\" width=\"1505\" height=\"925\" src=\"https:\/\/cabledelancer.com\/wp-content\/uploads\/2025\/02\/pagos-realiza.png\" class=\"attachment-full size-full wp-image-3246\" alt=\"\" srcset=\"https:\/\/cabledelancer.com\/wp-content\/uploads\/2025\/02\/pagos-realiza.png 1505w, https:\/\/cabledelancer.com\/wp-content\/uploads\/2025\/02\/pagos-realiza-300x184.png 300w, https:\/\/cabledelancer.com\/wp-content\/uploads\/2025\/02\/pagos-realiza-1024x629.png 1024w, https:\/\/cabledelancer.com\/wp-content\/uploads\/2025\/02\/pagos-realiza-768x472.png 768w, https:\/\/cabledelancer.com\/wp-content\/uploads\/2025\/02\/pagos-realiza-18x12.png 18w\" sizes=\"(max-width: 1505px) 100vw, 1505px\" \/>\t\t\t\t\t\t\t\t\t\t\t\t\t\t\t<\/div>\n\t\t\t\t<\/div>\n\t\t\t\t<div class=\"elementor-element elementor-element-6769ccc elementor-widget elementor-widget-heading\" data-id=\"6769ccc\" data-element_type=\"widget\" data-e-type=\"widget\" data-widget_type=\"heading.default\">\n\t\t\t\t<div class=\"elementor-widget-container\">\n\t\t\t\t\t<h4 class=\"elementor-heading-title elementor-size-default\">Final Steps<\/h4>\t\t\t\t<\/div>\n\t\t\t\t<\/div>\n\t\t\t\t<div class=\"elementor-element elementor-element-fae24fc elementor-widget elementor-widget-text-editor\" data-id=\"fae24fc\" data-element_type=\"widget\" data-e-type=\"widget\" data-widget_type=\"text-editor.default\">\n\t\t\t\t<div class=\"elementor-widget-container\">\n\t\t\t\t\t\t\t\t\t<ul><li>Once the payment is successfully processed:<ul><li>The balance will be updated in your contract.<\/li><li>If your account was suspended, it will be reactivated within <strong>within 15 minutes<\/strong> after payment.<\/li><\/ul><\/li><\/ul>\t\t\t\t\t\t\t\t<\/div>\n\t\t\t\t<\/div>\n\t\t\t\t\t<\/div>\n\t\t\t\t<\/div>\n\t\t\t\t<\/div>","protected":false},"excerpt":{"rendered":"<p>Pagos en L\u00ednea a trav\u00e9s del Portal de Autogesti\u00f3n de Cable Atl\u00e1ntico Accediendo al Portal 1. Solicitar Acceso: Comun\u00edcate con nuestro centro de atenci\u00f3n al cliente al +1-809-571-1040 o env\u00edanos un mensaje por WhatsApp al +1-809-722-9814 para solicitar acceso. Es necesario contar con una direcci\u00f3n de correo electr\u00f3nico v\u00e1lida para activar tu cuenta en el portal. 2. Instrucciones para Iniciar Sesi\u00f3n: Ingresa al portal en https:\/\/personal.cableatlantico.com Inicia sesi\u00f3n con la direcci\u00f3n de correo electr\u00f3nico registrada y la contrase\u00f1a proporcionada pornuestro equipo de atenci\u00f3n al cliente, o la que configuraste. Navegaci\u00f3n en el Portal Al iniciar sesi\u00f3n, podr\u00e1s visualizar tus contratos y los saldos correspondientes. Realizando un Pago 1. Seleccionar la Opci\u00f3n de Pago: Haz clic en el bot\u00f3n rojo \u201cPagar\u201d junto al saldo que deseas liquidar. 2. Elegir un M\u00e9todo de Pago: PayPal: Haz clic en \u201cPagar con PayPal\u201d. Sigue las instrucciones para iniciar sesi\u00f3n en tu cuenta PayPal y seleccionar una fuente de fondos para el pago. Tarjeta de Cr\u00e9dito\/D\u00e9bito: Haz clic en \u201cPagar por AZUL\u201d. Ser\u00e1s redirigido a la p\u00e1gina del procesador de pagos AZUL. Ingresa los detalles de tu tarjeta y confirma el pago. Pasos Finales Una vez que el pago sea procesado con \u00e9xito: El saldo ser\u00e1 actualizado en tu contrato. Si tu cuenta estaba suspendida, ser\u00e1 reactivada en los pr\u00f3ximos 15 minutos despu\u00e9s del pago.<\/p>","protected":false},"author":2,"featured_media":0,"parent":0,"menu_order":0,"comment_status":"closed","ping_status":"closed","template":"","meta":{"footnotes":""},"class_list":["post-3240","page","type-page","status-publish","hentry"],"blocksy_meta":[],"_links":{"self":[{"href":"https:\/\/cabledelancer.com\/en\/wp-json\/wp\/v2\/pages\/3240","targetHints":{"allow":["GET"]}}],"collection":[{"href":"https:\/\/cabledelancer.com\/en\/wp-json\/wp\/v2\/pages"}],"about":[{"href":"https:\/\/cabledelancer.com\/en\/wp-json\/wp\/v2\/types\/page"}],"author":[{"embeddable":true,"href":"https:\/\/cabledelancer.com\/en\/wp-json\/wp\/v2\/users\/2"}],"replies":[{"embeddable":true,"href":"https:\/\/cabledelancer.com\/en\/wp-json\/wp\/v2\/comments?post=3240"}],"version-history":[{"count":14,"href":"https:\/\/cabledelancer.com\/en\/wp-json\/wp\/v2\/pages\/3240\/revisions"}],"predecessor-version":[{"id":3260,"href":"https:\/\/cabledelancer.com\/en\/wp-json\/wp\/v2\/pages\/3240\/revisions\/3260"}],"wp:attachment":[{"href":"https:\/\/cabledelancer.com\/en\/wp-json\/wp\/v2\/media?parent=3240"}],"curies":[{"name":"wp","href":"https:\/\/api.w.org\/{rel}","templated":true}]}}